{"id":1193,"date":"2021-08-09T18:28:48","date_gmt":"2021-08-09T18:28:48","guid":{"rendered":"https:\/\/psicologocuernavaca.com.mx\/?page_id=1193"},"modified":"2021-08-10T16:39:04","modified_gmt":"2021-08-10T16:39:04","slug":"que-es-la-psicoterapia","status":"publish","type":"page","link":"https:\/\/psicologocuernavaca.com.mx\/?page_id=1193","title":{"rendered":"Qu\u00e9 es la psicoterapia"},"content":{"rendered":"\t\t<div data-elementor-type=\"wp-page\" data-elementor-id=\"1193\" class=\"elementor elementor-1193\">\n\t\t\t\t\t\t<section class=\"elementor-section elementor-top-section elementor-element elementor-element-5d9bb80 elementor-section-boxed elementor-section-height-default elementor-section-height-default\" data-id=\"5d9bb80\" data-element_type=\"section\" data-e-type=\"section\" data-settings=\"{&quot;background_background&quot;:&quot;classic&quot;}\">\n\t\t\t\t\t\t<div class=\"elementor-container elementor-column-gap-no\">\n\t\t\t\t\t<div class=\"elementor-column elementor-col-100 elementor-top-column elementor-element elementor-element-bc8140c\" data-id=\"bc8140c\" data-element_type=\"column\" data-e-type=\"column\">\n\t\t\t<div class=\"elementor-widget-wrap elementor-element-populated\">\n\t\t\t\t\t\t<div class=\"elementor-element elementor-element-174c92e elementor-widget elementor-widget-heading\" data-id=\"174c92e\" data-element_type=\"widget\" data-e-type=\"widget\" data-widget_type=\"heading.default\">\n\t\t\t\t<div class=\"elementor-widget-container\">\n\t\t\t\t\t<h1 class=\"elementor-heading-title elementor-size-default\">\u00bfQu\u00e9 es la Psicoterapia?<\/h1>\t\t\t\t<\/div>\n\t\t\t\t<\/div>\n\t\t\t\t\t<\/div>\n\t\t<\/div>\n\t\t\t\t\t<\/div>\n\t\t<\/section>\n\t\t\t\t<section class=\"elementor-section elementor-top-section elementor-element elementor-element-c500669 elementor-section-boxed elementor-section-height-default elementor-section-height-default\" data-id=\"c500669\" data-element_type=\"section\" data-e-type=\"section\">\n\t\t\t\t\t\t<div class=\"elementor-container elementor-column-gap-default\">\n\t\t\t\t\t<div class=\"elementor-column elementor-col-100 elementor-top-column elementor-element elementor-element-7ae6eec\" data-id=\"7ae6eec\" data-element_type=\"column\" data-e-type=\"column\">\n\t\t\t<div class=\"elementor-widget-wrap elementor-element-populated\">\n\t\t\t\t\t\t<div class=\"elementor-element elementor-element-e96c70c elementor-widget elementor-widget-text-editor\" data-id=\"e96c70c\" data-element_type=\"widget\" data-e-type=\"widget\" data-widget_type=\"text-editor.default\">\n\t\t\t\t<div class=\"elementor-widget-container\">\n\t\t\t\t\t\t\t\t\t<p>La psicoterapia es un proceso de comunicaci\u00f3n, intercambio y aprendizaje, que se da entre el psicoterapeuta y quien consulta. Mediante este proceso se pretende restablecer la fluidez y el crecimiento, para as\u00ed obtener la soluci\u00f3n de problemas y el cese del dolor y el sufrimiento.<\/p><p><strong>\u00bfQui\u00e9n puede ir?<\/strong><\/p><p>Quien consulta puede ser un individuo, una pareja, una familia e inclusive un grupo o una organizaci\u00f3n.<\/p>\t\t\t\t\t\t\t\t<\/div>\n\t\t\t\t<\/div>\n\t\t\t\t\t<\/div>\n\t\t<\/div>\n\t\t\t\t\t<\/div>\n\t\t<\/section>\n\t\t\t\t<section class=\"elementor-section elementor-top-section elementor-element elementor-element-67637e2 elementor-section-full_width elementor-section-height-default elementor-section-height-default\" data-id=\"67637e2\" data-element_type=\"section\" data-e-type=\"section\" data-settings=\"{&quot;background_background&quot;:&quot;classic&quot;}\">\n\t\t\t\t\t\t<div class=\"elementor-container elementor-column-gap-default\">\n\t\t\t\t\t<div class=\"elementor-column elementor-col-100 elementor-top-column elementor-element elementor-element-51b7469\" data-id=\"51b7469\" data-element_type=\"column\" data-e-type=\"column\">\n\t\t\t<div class=\"elementor-widget-wrap elementor-element-populated\">\n\t\t\t\t\t\t<div class=\"elementor-element elementor-element-e9e939b elementor-widget elementor-widget-toggle\" data-id=\"e9e939b\" data-element_type=\"widget\" data-e-type=\"widget\" data-widget_type=\"toggle.default\">\n\t\t\t\t<div class=\"elementor-widget-container\">\n\t\t\t\t\t\t\t<div class=\"elementor-toggle\">\n\t\t\t\t\t\t\t<div class=\"elementor-toggle-item\">\n\t\t\t\t\t<div id=\"elementor-tab-title-2451\" class=\"elementor-tab-title\" data-tab=\"1\" role=\"button\" aria-controls=\"elementor-tab-content-2451\" aria-expanded=\"false\">\n\t\t\t\t\t\t\t\t\t\t\t\t<span class=\"elementor-toggle-icon elementor-toggle-icon-left\" aria-hidden=\"true\">\n\t\t\t\t\t\t\t\t\t\t\t\t\t\t\t<span class=\"elementor-toggle-icon-closed\"><i class=\"fas fa-caret-right\"><\/i><\/span>\n\t\t\t\t\t\t\t\t<span class=\"elementor-toggle-icon-opened\"><i class=\"elementor-toggle-icon-opened fas fa-caret-up\"><\/i><\/span>\n\t\t\t\t\t\t\t\t\t\t\t\t\t<\/span>\n\t\t\t\t\t\t\t\t\t\t\t\t<a class=\"elementor-toggle-title\" tabindex=\"0\">\u00bfCu\u00e1ndo acudir?<\/a>\n\t\t\t\t\t<\/div>\n\n\t\t\t\t\t<div id=\"elementor-tab-content-2451\" class=\"elementor-tab-content elementor-clearfix\" data-tab=\"1\" role=\"region\" aria-labelledby=\"elementor-tab-title-2451\"><ul><li><p style=\"font-weight: 400;\">Cuando cualquiera de los antes mencionados enfrenta\u00a0problemas que obstaculizan su crecimiento y\u00a0pleno desarrollo.<\/p><\/li><li><p style=\"font-weight: 400;\">Cuando las respuestas que se dan a\u00a0una situaci\u00f3n actual dejan de ser pertinentes y se presenta la\u00a0p\u00e9rdida del placer de vivir.<\/p><\/li><li><p style=\"font-weight: 400;\">Cuando conductas habituales predominan sobre la creatividad dejando en la persona una\u00a0sensaci\u00f3n de vac\u00edo e insatisfacci\u00f3n.<\/p><\/li><li><p style=\"font-weight: 400;\">Cuando en virtud de un conflicto o ante la toma de una decisi\u00f3n trascendental se requiere de un alto en el camino para\u00a0reflexionar y\u00a0alcanzar una buena orientaci\u00f3n.<\/p><\/li><li><p style=\"font-weight: 400;\">Cuando\u00a0sentimientos fuera de control\u00a0tales\u00a0como el\u00a0resentimiento, el\u00a0odio, el miedo, la tristeza, el dolor\u00a0o alg\u00fan otro impiden la plena realizaci\u00f3n.<\/p><\/li><li><p style=\"font-weight: 400;\">Cuando las\u00a0relaciones\u00a0se tornan\u00a0insatisfactorias\u00a0y poco flu\u00eddas.<\/p><\/li><li><p style=\"font-weight: 400;\">Cuando se han generado situaciones de\u00a0dependencia\u00a0en relaci\u00f3n a una substancia, a una actividad\u00a0o una persona, apareciendo la sensaci\u00f3n de urgencia ante la falta de la misma.<\/p><\/li><li><p style=\"font-weight: 400;\">Cuando satisfechas las necesidades b\u00e1sicas, el individuo, siente la necesidad de un mayor autoconocimiento y un\u00a0sentido de vida\u00a0m\u00e1s profundo.<\/p><\/li><\/ul><\/div>\n\t\t\t\t<\/div>\n\t\t\t\t\t\t\t<div class=\"elementor-toggle-item\">\n\t\t\t\t\t<div id=\"elementor-tab-title-2452\" class=\"elementor-tab-title\" data-tab=\"2\" role=\"button\" aria-controls=\"elementor-tab-content-2452\" aria-expanded=\"false\">\n\t\t\t\t\t\t\t\t\t\t\t\t<span class=\"elementor-toggle-icon elementor-toggle-icon-left\" aria-hidden=\"true\">\n\t\t\t\t\t\t\t\t\t\t\t\t\t\t\t<span class=\"elementor-toggle-icon-closed\"><i class=\"fas fa-caret-right\"><\/i><\/span>\n\t\t\t\t\t\t\t\t<span class=\"elementor-toggle-icon-opened\"><i class=\"elementor-toggle-icon-opened fas fa-caret-up\"><\/i><\/span>\n\t\t\t\t\t\t\t\t\t\t\t\t\t<\/span>\n\t\t\t\t\t\t\t\t\t\t\t\t<a class=\"elementor-toggle-title\" tabindex=\"0\">\u00bfPara que sirve?<\/a>\n\t\t\t\t\t<\/div>\n\n\t\t\t\t\t<div id=\"elementor-tab-content-2452\" class=\"elementor-tab-content elementor-clearfix\" data-tab=\"2\" role=\"region\" aria-labelledby=\"elementor-tab-title-2452\"><p style=\"font-weight: 400;\">En\u00a0la psicoterapia\u00a0se busca restablecer el proceso de crecimiento de quien consulta, de tal suerte que alcance una recuperaci\u00f3n del\u00a0goce de vivir.<\/p><p style=\"font-weight: 400;\">En el proceso psicoterap\u00e9utico se\u00a0identifican las necesidades\u00a0de las diferentes etapas de la vida para satisfacerlas en base a los recursos disponibles de cada persona o grupo en un determinado momento.<\/p><p style=\"font-weight: 400;\">En el proceso psicoterap\u00e9utico se estimula la autonom\u00eda y la afirmaci\u00f3n de un centro de valoraci\u00f3n interno, que ayude a la correcta\u00a0toma de decisiones y a un buen vivir.<\/p><p style=\"font-weight: 400;\">Incluye el\u00a0mejoramiento de las relaciones personales, la fluidez laboral y econ\u00f3mica, as\u00ed como la salud f\u00edsica, mental, emocional y espiritual.<\/p><\/div>\n\t\t\t\t<\/div>\n\t\t\t\t\t\t\t<div class=\"elementor-toggle-item\">\n\t\t\t\t\t<div id=\"elementor-tab-title-2453\" class=\"elementor-tab-title\" data-tab=\"3\" role=\"button\" aria-controls=\"elementor-tab-content-2453\" aria-expanded=\"false\">\n\t\t\t\t\t\t\t\t\t\t\t\t<span class=\"elementor-toggle-icon elementor-toggle-icon-left\" aria-hidden=\"true\">\n\t\t\t\t\t\t\t\t\t\t\t\t\t\t\t<span class=\"elementor-toggle-icon-closed\"><i class=\"fas fa-caret-right\"><\/i><\/span>\n\t\t\t\t\t\t\t\t<span class=\"elementor-toggle-icon-opened\"><i class=\"elementor-toggle-icon-opened fas fa-caret-up\"><\/i><\/span>\n\t\t\t\t\t\t\t\t\t\t\t\t\t<\/span>\n\t\t\t\t\t\t\t\t\t\t\t\t<a class=\"elementor-toggle-title\" tabindex=\"0\">\u00bfCu\u00e1nto dura el proceso?<\/a>\n\t\t\t\t\t<\/div>\n\n\t\t\t\t\t<div id=\"elementor-tab-content-2453\" class=\"elementor-tab-content elementor-clearfix\" data-tab=\"3\" role=\"region\" aria-labelledby=\"elementor-tab-title-2453\"><p>En raz\u00f3n de la probl\u00e9matica y de las expectativas de quien consulta, la duraci\u00f3n puede ser de unas pocas sesiones o un proceso de aprendizaje de largo plazo, que puede durar varios meses.<\/p><p>De acuerdo con quien consulta, puede contemplar uno o varios de los diferentes escenarios en los que se desenvuelve, por ejemplo: los \u00e1mbitos personal, acad\u00e9mico, laboral y social entre otros. De esta elecci\u00f3n y las metas que se pretendan alcanzar, depender\u00e1 la duraci\u00f3n del proceso de terapia.<\/p><\/div>\n\t\t\t\t<\/div>\n\t\t\t\t\t\t\t\t<\/div>\n\t\t\t\t\t\t<\/div>\n\t\t\t\t<\/div>\n\t\t\t\t\t<\/div>\n\t\t<\/div>\n\t\t\t\t\t<\/div>\n\t\t<\/section>\n\t\t\t\t<\/div>\n\t\t","protected":false},"excerpt":{"rendered":"<p>\u00bfQu\u00e9 es la Psicoterapia? La psicoterapia es un proceso de comunicaci\u00f3n, intercambio y aprendizaje, que se da entre el psicoterapeuta y quien consulta. Mediante este proceso se pretende restablecer la fluidez y el crecimiento, para as\u00ed obtener la soluci\u00f3n de problemas y el cese del dolor y el sufrimiento. \u00bfQui\u00e9n puede ir? Quien consulta puede [&hellip;]<\/p>\n","protected":false},"author":1,"featured_media":0,"parent":0,"menu_order":0,"comment_status":"closed","ping_status":"closed","template":"","meta":{"om_disable_all_campaigns":false,"_monsterinsights_skip_tracking":false,"_monsterinsights_sitenote_active":false,"_monsterinsights_sitenote_note":"","_monsterinsights_sitenote_category":0,"site-sidebar-layout":"no-sidebar","site-content-layout":"page-builder","ast-site-content-layout":"default","site-content-style":"default","site-sidebar-style":"default","ast-global-header-display":"","ast-banner-title-visibility":"","ast-main-header-display":"","ast-hfb-above-header-display":"","ast-hfb-below-header-display":"","ast-hfb-mobile-header-display":"","site-post-title":"disabled","ast-breadcrumbs-content":"","ast-featured-img":"disabled","footer-sml-layout":"","ast-disable-related-posts":"","theme-transparent-header-meta":"enabled","adv-header-id-meta":"","stick-header-meta":"","header-above-stick-meta":"","header-main-stick-meta":"","header-below-stick-meta":"","astra-migrate-meta-layouts":"default","ast-page-background-enabled":"default","ast-page-background-meta":{"desktop":{"background-color":"","background-image":"","background-repeat":"repeat","background-position":"center center","background-size":"auto","background-attachment":"scroll","background-type":"","background-media":"","overlay-type":"","overlay-color":"","overlay-opacity":"","overlay-gradient":""},"tablet":{"background-color":"","background-image":"","background-repeat":"repeat","background-position":"center center","background-size":"auto","background-attachment":"scroll","background-type":"","background-media":"","overlay-type":"","overlay-color":"","overlay-opacity":"","overlay-gradient":""},"mobile":{"background-color":"","background-image":"","background-repeat":"repeat","background-position":"center center","background-size":"auto","background-attachment":"scroll","background-type":"","background-media":"","overlay-type":"","overlay-color":"","overlay-opacity":"","overlay-gradient":""}},"ast-content-background-meta":{"desktop":{"background-color":"var(--ast-global-color-5)","background-image":"","background-repeat":"repeat","background-position":"center center","background-size":"auto","background-attachment":"scroll","background-type":"","background-media":"","overlay-type":"","overlay-color":"","overlay-opacity":"","overlay-gradient":""},"tablet":{"background-color":"var(--ast-global-color-5)","background-image":"","background-repeat":"repeat","background-position":"center center","background-size":"auto","background-attachment":"scroll","background-type":"","background-media":"","overlay-type":"","overlay-color":"","overlay-opacity":"","overlay-gradient":""},"mobile":{"background-color":"var(--ast-global-color-5)","background-image":"","background-repeat":"repeat","background-position":"center center","background-size":"auto","background-attachment":"scroll","background-type":"","background-media":"","overlay-type":"","overlay-color":"","overlay-opacity":"","overlay-gradient":""}},"_joinchat":[],"footnotes":""},"class_list":["post-1193","page","type-page","status-publish","hentry"],"aioseo_notices":[],"_links":{"self":[{"href":"https:\/\/psicologocuernavaca.com.mx\/index.php?rest_route=\/wp\/v2\/pages\/1193","targetHints":{"allow":["GET"]}}],"collection":[{"href":"https:\/\/psicologocuernavaca.com.mx\/index.php?rest_route=\/wp\/v2\/pages"}],"about":[{"href":"https:\/\/psicologocuernavaca.com.mx\/index.php?rest_route=\/wp\/v2\/types\/page"}],"author":[{"embeddable":true,"href":"https:\/\/psicologocuernavaca.com.mx\/index.php?rest_route=\/wp\/v2\/users\/1"}],"replies":[{"embeddable":true,"href":"https:\/\/psicologocuernavaca.com.mx\/index.php?rest_route=%2Fwp%2Fv2%2Fcomments&post=1193"}],"version-history":[{"count":5,"href":"https:\/\/psicologocuernavaca.com.mx\/index.php?rest_route=\/wp\/v2\/pages\/1193\/revisions"}],"predecessor-version":[{"id":1249,"href":"https:\/\/psicologocuernavaca.com.mx\/index.php?rest_route=\/wp\/v2\/pages\/1193\/revisions\/1249"}],"wp:attachment":[{"href":"https:\/\/psicologocuernavaca.com.mx\/index.php?rest_route=%2Fwp%2Fv2%2Fmedia&parent=1193"}],"curies":[{"name":"wp","href":"https:\/\/api.w.org\/{rel}","templated":true}]}}