{"id":1194,"date":"2021-08-09T18:28:54","date_gmt":"2021-08-09T18:28:54","guid":{"rendered":"https:\/\/psicologocuernavaca.com.mx\/?page_id=1194"},"modified":"2021-08-10T16:47:47","modified_gmt":"2021-08-10T16:47:47","slug":"sabiduria-natural","status":"publish","type":"page","link":"https:\/\/psicologocuernavaca.com.mx\/?page_id=1194","title":{"rendered":"Sabidur\u00eda Natural"},"content":{"rendered":"\t\t<div data-elementor-type=\"wp-page\" data-elementor-id=\"1194\" class=\"elementor elementor-1194\">\n\t\t\t\t\t\t<section class=\"elementor-section elementor-top-section elementor-element elementor-element-5d9bb80 elementor-section-boxed elementor-section-height-default elementor-section-height-default\" data-id=\"5d9bb80\" data-element_type=\"section\" data-e-type=\"section\" data-settings=\"{&quot;background_background&quot;:&quot;classic&quot;}\">\n\t\t\t\t\t\t<div class=\"elementor-container elementor-column-gap-no\">\n\t\t\t\t\t<div class=\"elementor-column elementor-col-100 elementor-top-column elementor-element elementor-element-bc8140c\" data-id=\"bc8140c\" data-element_type=\"column\" data-e-type=\"column\">\n\t\t\t<div class=\"elementor-widget-wrap elementor-element-populated\">\n\t\t\t\t\t\t<div class=\"elementor-element elementor-element-174c92e elementor-widget elementor-widget-heading\" data-id=\"174c92e\" data-element_type=\"widget\" data-e-type=\"widget\" data-widget_type=\"heading.default\">\n\t\t\t\t<div class=\"elementor-widget-container\">\n\t\t\t\t\t<h1 class=\"elementor-heading-title elementor-size-default\">Sabidur\u00eda Natural<\/h1>\t\t\t\t<\/div>\n\t\t\t\t<\/div>\n\t\t\t\t\t<\/div>\n\t\t<\/div>\n\t\t\t\t\t<\/div>\n\t\t<\/section>\n\t\t\t\t<section class=\"elementor-section elementor-top-section elementor-element elementor-element-c500669 elementor-section-full_width elementor-section-height-default elementor-section-height-default\" data-id=\"c500669\" data-element_type=\"section\" data-e-type=\"section\" data-settings=\"{&quot;background_background&quot;:&quot;classic&quot;}\">\n\t\t\t\t\t\t<div class=\"elementor-container elementor-column-gap-default\">\n\t\t\t\t\t<div class=\"elementor-column elementor-col-50 elementor-top-column elementor-element elementor-element-7ae6eec\" data-id=\"7ae6eec\" data-element_type=\"column\" data-e-type=\"column\">\n\t\t\t<div class=\"elementor-widget-wrap elementor-element-populated\">\n\t\t\t\t\t\t<div class=\"elementor-element elementor-element-e96c70c elementor-widget elementor-widget-text-editor\" data-id=\"e96c70c\" data-element_type=\"widget\" data-e-type=\"widget\" data-widget_type=\"text-editor.default\">\n\t\t\t\t<div class=\"elementor-widget-container\">\n\t\t\t\t\t\t\t\t\t<ul><li>En la psicoterapia humanista creemos que todos y cada uno de los organismos del universo son poseedores de una sabidur\u00eda natural. TU PUEDES DESARROLLARLA y alcanzar plenitud y satisfacci\u00f3n.<\/li><li>As\u00ed nos explicamos como nuestro hogar planetario, \u00bb LA TIERRA\u00bb conoce la ruta que ha de seguir en su \u00f3rbita alrededor del sol, tambi\u00e9n el porque se suceden las estaciones del a\u00f1o o bien como es que una planta sabe cuando florecer y dar frutos.<\/li><li>Creemos, porque as\u00ed lo muestra\u00a0NUESTRA EXPERIENCIA, que si una semilla tiene un suelo nutritivo, agua, sol y es cuidada contra las plagas esta crecer\u00e1 y alcanzar\u00e1 todo su potencial hasta llegar a su pleno desarrollo, de la misma manera que un beb\u00e9 humano nacer\u00e1 al cabo de nueve meses de pre\u00f1ez<\/li><li>Sabemos, porque as\u00ed lo muestra NUESTRA EXPERIENCIA, que aunque en ocasiones la vida nos muestre su peor cara, es posible contactar con nuestra sabidur\u00eda natural, la cual nos permite resolver problemas y retornar a la senda del bienestar.<\/li><li>Es tarea del terapeuta ayudar al cliente a contactar con su sabidur\u00eda natural, mediante diferentes t\u00e9cnicas, elegidas especialmente para cada persona, acordes a sus necesidades y su personal visi\u00f3n del mundo.<\/li><\/ul>\t\t\t\t\t\t\t\t<\/div>\n\t\t\t\t<\/div>\n\t\t\t\t\t<\/div>\n\t\t<\/div>\n\t\t\t\t<div class=\"elementor-column elementor-col-50 elementor-top-column elementor-element elementor-element-07a3d17\" data-id=\"07a3d17\" data-element_type=\"column\" data-e-type=\"column\">\n\t\t\t<div class=\"elementor-widget-wrap elementor-element-populated\">\n\t\t\t\t\t\t<div class=\"elementor-element elementor-element-fb09b73 elementor-widget elementor-widget-image\" data-id=\"fb09b73\" data-element_type=\"widget\" data-e-type=\"widget\" data-widget_type=\"image.default\">\n\t\t\t\t<div class=\"elementor-widget-container\">\n\t\t\t\t\t\t\t\t\t\t\t\t\t\t\t<img fetchpriority=\"high\" decoding=\"async\" width=\"768\" height=\"1146\" src=\"https:\/\/psicologocuernavaca.com.mx\/wp-content\/uploads\/2021\/08\/iulia-mihailov-aeWEX3jE0kg-unsplash-768x1146.jpg\" class=\"attachment-medium_large size-medium_large wp-image-1251 no-lazy\" alt=\"\" srcset=\"https:\/\/psicologocuernavaca.com.mx\/wp-content\/uploads\/2021\/08\/iulia-mihailov-aeWEX3jE0kg-unsplash-768x1146.jpg 768w, https:\/\/psicologocuernavaca.com.mx\/wp-content\/uploads\/2021\/08\/iulia-mihailov-aeWEX3jE0kg-unsplash-201x300.jpg 201w, https:\/\/psicologocuernavaca.com.mx\/wp-content\/uploads\/2021\/08\/iulia-mihailov-aeWEX3jE0kg-unsplash-686x1024.jpg 686w, https:\/\/psicologocuernavaca.com.mx\/wp-content\/uploads\/2021\/08\/iulia-mihailov-aeWEX3jE0kg-unsplash-1030x1536.jpg 1030w, https:\/\/psicologocuernavaca.com.mx\/wp-content\/uploads\/2021\/08\/iulia-mihailov-aeWEX3jE0kg-unsplash-1373x2048.jpg 1373w, https:\/\/psicologocuernavaca.com.mx\/wp-content\/uploads\/2021\/08\/iulia-mihailov-aeWEX3jE0kg-unsplash-scaled.jpg 1716w\" sizes=\"(max-width: 768px) 100vw, 768px\" \/>\t\t\t\t\t\t\t\t\t\t\t\t\t\t\t<\/div>\n\t\t\t\t<\/div>\n\t\t\t\t\t<\/div>\n\t\t<\/div>\n\t\t\t\t\t<\/div>\n\t\t<\/section>\n\t\t\t\t<\/div>\n\t\t","protected":false},"excerpt":{"rendered":"<p>Sabidur\u00eda Natural En la psicoterapia humanista creemos que todos y cada uno de los organismos del universo son poseedores de una sabidur\u00eda natural. TU PUEDES DESARROLLARLA y alcanzar plenitud y satisfacci\u00f3n. As\u00ed nos explicamos como nuestro hogar planetario, \u00bb LA TIERRA\u00bb conoce la ruta que ha de seguir en su \u00f3rbita alrededor del sol, tambi\u00e9n [&hellip;]<\/p>\n","protected":false},"author":1,"featured_media":0,"parent":0,"menu_order":0,"comment_status":"closed","ping_status":"closed","template":"","meta":{"om_disable_all_campaigns":false,"_monsterinsights_skip_tracking":false,"_monsterinsights_sitenote_active":false,"_monsterinsights_sitenote_note":"","_monsterinsights_sitenote_category":0,"site-sidebar-layout":"no-sidebar","site-content-layout":"page-builder","ast-site-content-layout":"default","site-content-style":"default","site-sidebar-style":"default","ast-global-header-display":"","ast-banner-title-visibility":"","ast-main-header-display":"","ast-hfb-above-header-display":"","ast-hfb-below-header-display":"","ast-hfb-mobile-header-display":"","site-post-title":"disabled","ast-breadcrumbs-content":"","ast-featured-img":"disabled","footer-sml-layout":"","ast-disable-related-posts":"","theme-transparent-header-meta":"enabled","adv-header-id-meta":"","stick-header-meta":"","header-above-stick-meta":"","header-main-stick-meta":"","header-below-stick-meta":"","astra-migrate-meta-layouts":"default","ast-page-background-enabled":"default","ast-page-background-meta":{"desktop":{"background-color":"","background-image":"","background-repeat":"repeat","background-position":"center center","background-size":"auto","background-attachment":"scroll","background-type":"","background-media":"","overlay-type":"","overlay-color":"","overlay-opacity":"","overlay-gradient":""},"tablet":{"background-color":"","background-image":"","background-repeat":"repeat","background-position":"center center","background-size":"auto","background-attachment":"scroll","background-type":"","background-media":"","overlay-type":"","overlay-color":"","overlay-opacity":"","overlay-gradient":""},"mobile":{"background-color":"","background-image":"","background-repeat":"repeat","background-position":"center center","background-size":"auto","background-attachment":"scroll","background-type":"","background-media":"","overlay-type":"","overlay-color":"","overlay-opacity":"","overlay-gradient":""}},"ast-content-background-meta":{"desktop":{"background-color":"var(--ast-global-color-5)","background-image":"","background-repeat":"repeat","background-position":"center center","background-size":"auto","background-attachment":"scroll","background-type":"","background-media":"","overlay-type":"","overlay-color":"","overlay-opacity":"","overlay-gradient":""},"tablet":{"background-color":"var(--ast-global-color-5)","background-image":"","background-repeat":"repeat","background-position":"center center","background-size":"auto","background-attachment":"scroll","background-type":"","background-media":"","overlay-type":"","overlay-color":"","overlay-opacity":"","overlay-gradient":""},"mobile":{"background-color":"var(--ast-global-color-5)","background-image":"","background-repeat":"repeat","background-position":"center center","background-size":"auto","background-attachment":"scroll","background-type":"","background-media":"","overlay-type":"","overlay-color":"","overlay-opacity":"","overlay-gradient":""}},"_joinchat":[],"footnotes":""},"class_list":["post-1194","page","type-page","status-publish","hentry"],"aioseo_notices":[],"_links":{"self":[{"href":"https:\/\/psicologocuernavaca.com.mx\/index.php?rest_route=\/wp\/v2\/pages\/1194","targetHints":{"allow":["GET"]}}],"collection":[{"href":"https:\/\/psicologocuernavaca.com.mx\/index.php?rest_route=\/wp\/v2\/pages"}],"about":[{"href":"https:\/\/psicologocuernavaca.com.mx\/index.php?rest_route=\/wp\/v2\/types\/page"}],"author":[{"embeddable":true,"href":"https:\/\/psicologocuernavaca.com.mx\/index.php?rest_route=\/wp\/v2\/users\/1"}],"replies":[{"embeddable":true,"href":"https:\/\/psicologocuernavaca.com.mx\/index.php?rest_route=%2Fwp%2Fv2%2Fcomments&post=1194"}],"version-history":[{"count":5,"href":"https:\/\/psicologocuernavaca.com.mx\/index.php?rest_route=\/wp\/v2\/pages\/1194\/revisions"}],"predecessor-version":[{"id":1254,"href":"https:\/\/psicologocuernavaca.com.mx\/index.php?rest_route=\/wp\/v2\/pages\/1194\/revisions\/1254"}],"wp:attachment":[{"href":"https:\/\/psicologocuernavaca.com.mx\/index.php?rest_route=%2Fwp%2Fv2%2Fmedia&parent=1194"}],"curies":[{"name":"wp","href":"https:\/\/api.w.org\/{rel}","templated":true}]}}