{"id":1198,"date":"2021-08-09T18:30:56","date_gmt":"2021-08-09T18:30:56","guid":{"rendered":"https:\/\/psicologocuernavaca.com.mx\/?page_id=1198"},"modified":"2021-08-10T17:58:57","modified_gmt":"2021-08-10T17:58:57","slug":"sexualidad","status":"publish","type":"page","link":"https:\/\/psicologocuernavaca.com.mx\/?page_id=1198","title":{"rendered":"Sexualidad"},"content":{"rendered":"\t\t<div data-elementor-type=\"wp-page\" data-elementor-id=\"1198\" class=\"elementor elementor-1198\">\n\t\t\t\t\t\t<section class=\"elementor-section elementor-top-section elementor-element elementor-element-5d9bb80 elementor-section-boxed elementor-section-height-default elementor-section-height-default\" data-id=\"5d9bb80\" data-element_type=\"section\" data-e-type=\"section\" data-settings=\"{&quot;background_background&quot;:&quot;classic&quot;}\">\n\t\t\t\t\t\t<div class=\"elementor-container elementor-column-gap-no\">\n\t\t\t\t\t<div class=\"elementor-column elementor-col-100 elementor-top-column elementor-element elementor-element-bc8140c\" data-id=\"bc8140c\" data-element_type=\"column\" data-e-type=\"column\">\n\t\t\t<div class=\"elementor-widget-wrap elementor-element-populated\">\n\t\t\t\t\t\t<div class=\"elementor-element elementor-element-174c92e elementor-widget elementor-widget-heading\" data-id=\"174c92e\" data-element_type=\"widget\" data-e-type=\"widget\" data-widget_type=\"heading.default\">\n\t\t\t\t<div class=\"elementor-widget-container\">\n\t\t\t\t\t<h1 class=\"elementor-heading-title elementor-size-default\">Sexualidad<\/h1>\t\t\t\t<\/div>\n\t\t\t\t<\/div>\n\t\t\t\t\t<\/div>\n\t\t<\/div>\n\t\t\t\t\t<\/div>\n\t\t<\/section>\n\t\t\t\t<section class=\"elementor-section elementor-top-section elementor-element elementor-element-c500669 elementor-section-full_width elementor-section-height-default elementor-section-height-default\" data-id=\"c500669\" data-element_type=\"section\" data-e-type=\"section\" data-settings=\"{&quot;background_background&quot;:&quot;classic&quot;}\">\n\t\t\t\t\t\t<div class=\"elementor-container elementor-column-gap-default\">\n\t\t\t\t\t<div class=\"elementor-column elementor-col-50 elementor-top-column elementor-element elementor-element-7ae6eec\" data-id=\"7ae6eec\" data-element_type=\"column\" data-e-type=\"column\">\n\t\t\t<div class=\"elementor-widget-wrap elementor-element-populated\">\n\t\t\t\t\t\t<div class=\"elementor-element elementor-element-e96c70c elementor-widget elementor-widget-text-editor\" data-id=\"e96c70c\" data-element_type=\"widget\" data-e-type=\"widget\" data-widget_type=\"text-editor.default\">\n\t\t\t\t<div class=\"elementor-widget-container\">\n\t\t\t\t\t\t\t\t\t<div>\u00a0<\/div><div>La sexualidad es un aspecto que en la vida humana ocupa un amplio espacio, y aunque en la actualidad, se permite su expresi\u00f3n de una manera m\u00e1s libre que en otras \u00e9pocas y culturas, la sexualidad sigue siendo por su naturaleza algo \u00edntimo y personal.<\/div><div>\u00a0<\/div><div><p>Este tema presenta m\u00faltiples facetas tales como:<br \/><br \/>\u2022 Conductas sexuales. Todas la expresiones comportamentales de la sexualidad integran el universo expresivo del ser humano. Algunas personas expresan su sexualidad en grado m\u00ednimo mientras que otras lo hacen en su m\u00e1xima expresi\u00f3n alcanzado gran excitaci\u00f3n que generalmente las lleva al orgasmo. Adem\u00e1s del grado tambi\u00e9n es importante mencionar que existen una variedad innumerable de manifestaciones conductuales que proveen satisfacci\u00f3n sexual a sus practicantes. <br \/><br \/>\u2022 Disfunciones: masculinas, femeninas y de pareja<\/p><p>\u2022 Sexualidad en pareja y en solitario<\/p><p>\u2022 Sexo y amor <br \/><br \/>\u2022 Diversidad sexual: identidad, rol y orientaci\u00f3n<\/p><p>\u2022 Principales mitos sobre la sexualidad<\/p><p>La PSICOTERAPIA HUMANISTA entiende y atiende cada uno de estos importantes t\u00f3picos tanto en su aspecto relacional como en el aspecto individual.<\/p><\/div><div>\u00a0<\/div>\t\t\t\t\t\t\t\t<\/div>\n\t\t\t\t<\/div>\n\t\t\t\t\t<\/div>\n\t\t<\/div>\n\t\t\t\t<div class=\"elementor-column elementor-col-50 elementor-top-column elementor-element elementor-element-07a3d17\" data-id=\"07a3d17\" data-element_type=\"column\" data-e-type=\"column\">\n\t\t\t<div class=\"elementor-widget-wrap elementor-element-populated\">\n\t\t\t\t\t\t<div class=\"elementor-element elementor-element-bd2ae79 elementor-widget elementor-widget-spacer\" data-id=\"bd2ae79\" data-element_type=\"widget\" data-e-type=\"widget\" data-widget_type=\"spacer.default\">\n\t\t\t\t<div class=\"elementor-widget-container\">\n\t\t\t\t\t\t\t<div class=\"elementor-spacer\">\n\t\t\t<div class=\"elementor-spacer-inner\"><\/div>\n\t\t<\/div>\n\t\t\t\t\t\t<\/div>\n\t\t\t\t<\/div>\n\t\t\t\t<div class=\"elementor-element elementor-element-fb09b73 elementor-widget elementor-widget-image\" data-id=\"fb09b73\" data-element_type=\"widget\" data-e-type=\"widget\" data-widget_type=\"image.default\">\n\t\t\t\t<div class=\"elementor-widget-container\">\n\t\t\t\t\t\t\t\t\t\t\t\t\t\t\t<img fetchpriority=\"high\" decoding=\"async\" width=\"720\" height=\"1080\" src=\"https:\/\/psicologocuernavaca.com.mx\/wp-content\/uploads\/2021\/08\/SEXUALIDAD-1.jpg\" class=\"attachment-medium_large size-medium_large wp-image-1301 no-lazy\" alt=\"\" srcset=\"https:\/\/psicologocuernavaca.com.mx\/wp-content\/uploads\/2021\/08\/SEXUALIDAD-1.jpg 720w, https:\/\/psicologocuernavaca.com.mx\/wp-content\/uploads\/2021\/08\/SEXUALIDAD-1-200x300.jpg 200w, https:\/\/psicologocuernavaca.com.mx\/wp-content\/uploads\/2021\/08\/SEXUALIDAD-1-683x1024.jpg 683w\" sizes=\"(max-width: 720px) 100vw, 720px\" \/>\t\t\t\t\t\t\t\t\t\t\t\t\t\t\t<\/div>\n\t\t\t\t<\/div>\n\t\t\t\t\t<\/div>\n\t\t<\/div>\n\t\t\t\t\t<\/div>\n\t\t<\/section>\n\t\t\t\t<\/div>\n\t\t","protected":false},"excerpt":{"rendered":"<p>Sexualidad \u00a0La sexualidad es un aspecto que en la vida humana ocupa un amplio espacio, y aunque en la actualidad, se permite su expresi\u00f3n de una manera m\u00e1s libre que en otras \u00e9pocas y culturas, la sexualidad sigue siendo por su naturaleza algo \u00edntimo y personal.\u00a0 Este tema presenta m\u00faltiples facetas tales como: \u2022 Conductas [&hellip;]<\/p>\n","protected":false},"author":1,"featured_media":0,"parent":0,"menu_order":0,"comment_status":"closed","ping_status":"closed","template":"","meta":{"om_disable_all_campaigns":false,"_monsterinsights_skip_tracking":false,"_monsterinsights_sitenote_active":false,"_monsterinsights_sitenote_note":"","_monsterinsights_sitenote_category":0,"site-sidebar-layout":"no-sidebar","site-content-layout":"page-builder","ast-site-content-layout":"default","site-content-style":"default","site-sidebar-style":"default","ast-global-header-display":"","ast-banner-title-visibility":"","ast-main-header-display":"","ast-hfb-above-header-display":"","ast-hfb-below-header-display":"","ast-hfb-mobile-header-display":"","site-post-title":"disabled","ast-breadcrumbs-content":"","ast-featured-img":"disabled","footer-sml-layout":"","ast-disable-related-posts":"","theme-transparent-header-meta":"enabled","adv-header-id-meta":"","stick-header-meta":"","header-above-stick-meta":"","header-main-stick-meta":"","header-below-stick-meta":"","astra-migrate-meta-layouts":"default","ast-page-background-enabled":"default","ast-page-background-meta":{"desktop":{"background-color":"","background-image":"","background-repeat":"repeat","background-position":"center center","background-size":"auto","background-attachment":"scroll","background-type":"","background-media":"","overlay-type":"","overlay-color":"","overlay-opacity":"","overlay-gradient":""},"tablet":{"background-color":"","background-image":"","background-repeat":"repeat","background-position":"center center","background-size":"auto","background-attachment":"scroll","background-type":"","background-media":"","overlay-type":"","overlay-color":"","overlay-opacity":"","overlay-gradient":""},"mobile":{"background-color":"","background-image":"","background-repeat":"repeat","background-position":"center center","background-size":"auto","background-attachment":"scroll","background-type":"","background-media":"","overlay-type":"","overlay-color":"","overlay-opacity":"","overlay-gradient":""}},"ast-content-background-meta":{"desktop":{"background-color":"var(--ast-global-color-5)","background-image":"","background-repeat":"repeat","background-position":"center center","background-size":"auto","background-attachment":"scroll","background-type":"","background-media":"","overlay-type":"","overlay-color":"","overlay-opacity":"","overlay-gradient":""},"tablet":{"background-color":"var(--ast-global-color-5)","background-image":"","background-repeat":"repeat","background-position":"center center","background-size":"auto","background-attachment":"scroll","background-type":"","background-media":"","overlay-type":"","overlay-color":"","overlay-opacity":"","overlay-gradient":""},"mobile":{"background-color":"var(--ast-global-color-5)","background-image":"","background-repeat":"repeat","background-position":"center center","background-size":"auto","background-attachment":"scroll","background-type":"","background-media":"","overlay-type":"","overlay-color":"","overlay-opacity":"","overlay-gradient":""}},"_joinchat":[],"footnotes":""},"class_list":["post-1198","page","type-page","status-publish","hentry"],"aioseo_notices":[],"_links":{"self":[{"href":"https:\/\/psicologocuernavaca.com.mx\/index.php?rest_route=\/wp\/v2\/pages\/1198","targetHints":{"allow":["GET"]}}],"collection":[{"href":"https:\/\/psicologocuernavaca.com.mx\/index.php?rest_route=\/wp\/v2\/pages"}],"about":[{"href":"https:\/\/psicologocuernavaca.com.mx\/index.php?rest_route=\/wp\/v2\/types\/page"}],"author":[{"embeddable":true,"href":"https:\/\/psicologocuernavaca.com.mx\/index.php?rest_route=\/wp\/v2\/users\/1"}],"replies":[{"embeddable":true,"href":"https:\/\/psicologocuernavaca.com.mx\/index.php?rest_route=%2Fwp%2Fv2%2Fcomments&post=1198"}],"version-history":[{"count":8,"href":"https:\/\/psicologocuernavaca.com.mx\/index.php?rest_route=\/wp\/v2\/pages\/1198\/revisions"}],"predecessor-version":[{"id":1313,"href":"https:\/\/psicologocuernavaca.com.mx\/index.php?rest_route=\/wp\/v2\/pages\/1198\/revisions\/1313"}],"wp:attachment":[{"href":"https:\/\/psicologocuernavaca.com.mx\/index.php?rest_route=%2Fwp%2Fv2%2Fmedia&parent=1198"}],"curies":[{"name":"wp","href":"https:\/\/api.w.org\/{rel}","templated":true}]}}